{"id":3049,"date":"2015-02-02T04:30:47","date_gmt":"2015-02-02T04:30:47","guid":{"rendered":"http:\/\/agner.pt\/?page_id=3049"},"modified":"2022-11-18T11:11:03","modified_gmt":"2022-11-18T11:11:03","slug":"contacts","status":"publish","type":"page","link":"https:\/\/agner.pt\/en\/contacts\/","title":{"rendered":"Contacts"},"content":{"rendered":"<p>[vc_row rt_row_background_width=&#8221;fullwidth&#8221; rt_row_content_width=&#8221;fullwidth&#8221; rt_row_style=&#8221;default-style&#8221; rt_row_borders=&#8221;&#8221; rt_row_paddings=&#8221;false&#8221; rt_bg_effect=&#8221;classic&#8221; rt_bg_image_repeat=&#8221;repeat&#8221; rt_bg_size=&#8221;cover&#8221; rt_bg_position=&#8221;right top&#8221; rt_bg_attachment=&#8221;scroll&#8221; rt_bg_video_format=&#8221;self-hosted&#8221; rt_row_no_padding=&#8221;false&#8221;][vc_column rt_bg_image_repeat=&#8221;repeat&#8221; rt_bg_size=&#8221;auto auto&#8221; rt_bg_attachment=&#8221;scroll&#8221;]<div class=\"google_map_holder\" data-height=\"500\" data-scope=\"#map-391409\">\n\n\t\t\t<div id=\"map-391409\" class=\"google_map\"><\/div>\n\t\t\t<script type=\"text\/javascript\">\n\t\t\t \/* <![CDATA[ *\/ \n\t\t\t\t\/\/ Runs google maps\t\n\t\t\t\t\tjQuery(function() {\n\t\t\t\t\t\tjQuery(\"#map-391409\").rt_maps([[\"Sede\", 40.7095563, -8.486393700000008, 4,\"Zona Industrial Albergaria-a-Velha,<br \/>Arruamento C, Lote 1, 39<br \/>3850-184 Albergaria-a-Velha<br \/>Portugal\"],],10); \n\t\t\t\t\t});\n\t\t\t\/* ]]> *\/\t\n\t\t\t<\/script>\n\n\t\t<\/div>[\/vc_column][\/vc_row][vc_row rt_row_background_width=&#8221;fullwidth&#8221; rt_row_content_width=&#8221;default&#8221; rt_row_style=&#8221;default-style&#8221; rt_row_borders=&#8221;&#8221; rt_grid=&#8221;true&#8221; rt_row_paddings=&#8221;true&#8221; rt_bg_effect=&#8221;classic&#8221; rt_bg_image_repeat=&#8221;repeat&#8221; rt_bg_size=&#8221;cover&#8221; rt_bg_position=&#8221;right top&#8221; rt_bg_attachment=&#8221;scroll&#8221; rt_bg_video_format=&#8221;self-hosted&#8221; rt_padding_top=&#8221;50px&#8221;][vc_column width=&#8221;1\/3&#8243; rt_bg_image_repeat=&#8221;repeat&#8221; rt_bg_size=&#8221;auto auto&#8221; rt_bg_attachment=&#8221;scroll&#8221;]\t \n\t\t<div  class=\"with_icons style-3 \">\n\t\t\t \n\t\t<div  >\n\t\t<div class=\"list-content\"><strong>Eng.\u00ba Paulo Ferreirinha<\/strong><\/div>\n\t\t<\/div>\n\t\t \n\t\t<div  >\n\t\t<span class=\"icon-mobile-1 icon\"><\/span><div class=\"list-content\">+351 914 856 004<br \/>\n<small style=\"font-style: italic;\">\u00abNational mobile call\u00bb<\/small><\/div>\n\t\t<\/div>\n\t\t \n\t\t<div  >\n\t\t<span class=\"gp icon-mail-1 icon\"><\/span><div class=\"list-content\"><a href=\"mailto:ap.ferreirinha@agner.pt\">ap.ferreirinha@agner.pt<\/a><\/div>\n\t\t<\/div>\n\t\n\t\t<\/div>\n\t[\/vc_column][vc_column width=&#8221;1\/3&#8243; rt_bg_image_repeat=&#8221;repeat&#8221; rt_bg_size=&#8221;auto auto&#8221; rt_bg_attachment=&#8221;scroll&#8221;]\t \n\t\t<div  class=\"with_icons style-3 \">\n\t\t\t \n\t\t<div  >\n\t\t<div class=\"list-content\"><strong>Eng.\u00ba Giancarlo Piaz<\/strong><\/div>\n\t\t<\/div>\n\t\t \n\t\t<div  >\n\t\t<span class=\"icon-mobile-1 icon\"><\/span><div class=\"list-content\">+351 919\u00a0546 050<br \/>\n<small style=\"font-style: italic;\">\u00abNational mobile call\u00bb<\/small><\/div>\n\t\t<\/div>\n\t\t \n\t\t<div  >\n\t\t<span class=\"gp icon-mail-1 icon\"><\/span><div class=\"list-content\"><a href=\"mailto:agner@agner.pt\">agner@agner.pt<\/a><\/div>\n\t\t<\/div>\n\t\n\t\t<\/div>\n\t[\/vc_column][vc_column width=&#8221;1\/3&#8243; rt_bg_image_repeat=&#8221;repeat&#8221; rt_bg_size=&#8221;auto auto&#8221; rt_bg_attachment=&#8221;scroll&#8221;]\t \n\t\t<div  class=\"with_icons style-3 \">\n\t\t\t \n\t\t<div  >\n\t\t<div class=\"list-content\"><strong>Eng.\u00ba Fernando Rodrigues<\/strong><\/div>\n\t\t<\/div>\n\t\t \n\t\t<div  >\n\t\t<span class=\"icon-mobile-1 icon\"><\/span><div class=\"list-content\">+351 913 780 969<br \/>\n<small style=\"font-style: italic;\">\u00abNational mobile call\u00bb<\/small><\/div>\n\t\t<\/div>\n\t\t \n\t\t<div  >\n\t\t<span class=\"gp icon-mail-1 icon\"><\/span><div class=\"list-content\"><a href=\"mailto:f.rodrigues@agner.pt\">f.rodrigues@agner.pt<\/a><\/div>\n\t\t<\/div>\n\t\n\t\t<\/div>\n\t[\/vc_column][\/vc_row][vc_row rt_row_background_width=&#8221;fullwidth&#8221; rt_row_content_width=&#8221;default&#8221; rt_row_style=&#8221;default-style&#8221; rt_row_borders=&#8221;&#8221; rt_grid=&#8221;true&#8221; rt_row_paddings=&#8221;true&#8221; rt_bg_effect=&#8221;classic&#8221; rt_bg_image_repeat=&#8221;repeat&#8221; rt_bg_size=&#8221;cover&#8221; rt_bg_position=&#8221;right top&#8221; rt_bg_attachment=&#8221;scroll&#8221; rt_bg_video_format=&#8221;self-hosted&#8221;][vc_column width=&#8221;1\/2&#8243; rt_bg_image_repeat=&#8221;repeat&#8221; rt_bg_size=&#8221;auto auto&#8221; rt_bg_attachment=&#8221;scroll&#8221;]<div class=\"rt_heading_wrapper style-6\">\n\t\t\t\t\t\t\n\t\t\t\t\t\t<h5 class=\"rt_heading  style-6\" >SEDE<\/h5>\n\t\t\t\t\t<\/div>\t \n\t\t<div  class=\"with_icons style-3 \">\n\t\t\t \n\t\t<div  >\n\t\t<span class=\"icon-address icon\"><\/span><div class=\"list-content\">Zona Industrial Albergaria-a-Velha,<br \/>\nArruamento C, Lote 1, 39<br \/>\n3850-184 Albergaria-a-Velha<br \/>\nPortugal<\/div>\n\t\t<\/div>\n\t\t \n\t\t<div  >\n\t\t<span class=\"icon-phone icon\"><\/span><div class=\"list-content\">+351 234 523 871<br \/>\n<small style=\"font-style: italic;\">\u00abNational landline call\u00bb<\/small><\/div>\n\t\t<\/div>\n\t\t \n\t\t<div  >\n\t\t<span class=\"icon-print icon\"><\/span><div class=\"list-content\">+351 234 523 873<br \/>\n<small style=\"font-style: italic;\">\u00abNational landline call\u00bb<\/small><\/div>\n\t\t<\/div>\n\t\n\t\t<\/div>\n\t[\/vc_column][vc_column width=&#8221;1\/2&#8243; rt_bg_image_repeat=&#8221;repeat&#8221; rt_bg_size=&#8221;auto auto&#8221; rt_bg_attachment=&#8221;scroll&#8221;]<div class=\"rt_heading_wrapper style-6\">\n\t\t\t\t\t\t\n\t\t\t\t\t\t<h5 class=\"rt_heading  style-6\" >COMPANY DATA<\/h5>\n\t\t\t\t\t<\/div>\t \n\t\t<div  class=\"with_icons style-3 \">\n\t\t\t \n\t\t<div  >\n\t\t<div class=\"list-content\">Agner Service &#8211; Manutencao Industrial Lda.<\/div>\n\t\t<\/div>\n\t\t \n\t\t<div  >\n\t\t<span class=\"icon-doc-text icon\"><\/span><div class=\"list-content\">NIF: 506270041<br \/>\nCAE: 43221 &#8211; Instala\u00e7\u00e3o de canaliza\u00e7\u00f5es<br \/>\nCapital Social: Informa\u00e7\u00e3o Dispon\u00edvel<\/div>\n\t\t<\/div>\n\t\t \n\t\t<div  >\n\t\t<span class=\"icon-globe icon\"><\/span><div class=\"list-content\"><a href=\"http:\/\/www.agner.pt\">www.agner.pt<\/a><\/div>\n\t\t<\/div>\n\t\t \n\t\t<div  >\n\t\t<span class=\"icon-mail-1 icon\"><\/span><div class=\"list-content\">agner@agner.pt<\/div>\n\t\t<\/div>\n\t\n\t\t<\/div>\n\t[\/vc_column][\/vc_row]<\/p>\n","protected":false},"excerpt":{"rendered":"<p>[vc_row rt_row_background_width=&#8221;fullwidth&#8221; rt_row_content_width=&#8221;fullwidth&#8221; rt_row_style=&#8221;default-style&#8221; rt_row_borders=&#8221;&#8221; rt_row_paddings=&#8221;false&#8221; rt_bg_effect=&#8221;classic&#8221; rt_bg_image_repeat=&#8221;repeat&#8221; rt_bg_size=&#8221;cover&#8221; rt_bg_position=&#8221;right top&#8221; rt_bg_attachment=&#8221;scroll&#8221; rt_bg_video_format=&#8221;self-hosted&#8221; rt_row_no_padding=&#8221;false&#8221;][vc_column rt_bg_image_repeat=&#8221;repeat&#8221; rt_bg_size=&#8221;auto auto&#8221; rt_bg_attachment=&#8221;scroll&#8221;][\/vc_column][\/vc_row][vc_row rt_row_background_width=&#8221;fullwidth&#8221; rt_row_content_width=&#8221;default&#8221; rt_row_style=&#8221;default-style&#8221; rt_row_borders=&#8221;&#8221; rt_grid=&#8221;true&#8221; rt_row_paddings=&#8221;true&#8221; rt_bg_effect=&#8221;classic&#8221; rt_bg_image_repeat=&#8221;repeat&#8221; rt_bg_size=&#8221;cover&#8221; rt_bg_position=&#8221;right top&#8221; rt_bg_attachment=&#8221;scroll&#8221; rt_bg_video_format=&#8221;self-hosted&#8221; rt_padding_top=&#8221;50px&#8221;][vc_column width=&#8221;1\/3&#8243; rt_bg_image_repeat=&#8221;repeat&#8221; rt_bg_size=&#8221;auto auto&#8221; rt_bg_attachment=&#8221;scroll&#8221;][\/vc_column][vc_column width=&#8221;1\/3&#8243; rt_bg_image_repeat=&#8221;repeat&#8221; rt_bg_size=&#8221;auto auto&#8221; rt_bg_attachment=&#8221;scroll&#8221;][\/vc_column][vc_column width=&#8221;1\/3&#8243; rt_bg_image_repeat=&#8221;repeat&#8221; rt_bg_size=&#8221;auto auto&#8221; rt_bg_attachment=&#8221;scroll&#8221;][\/vc_column][\/vc_row][vc_row rt_row_background_width=&#8221;fullwidth&#8221; rt_row_content_width=&#8221;default&#8221; rt_row_style=&#8221;default-style&#8221; rt_row_borders=&#8221;&#8221; rt_grid=&#8221;true&#8221; rt_row_paddings=&#8221;true&#8221; rt_bg_effect=&#8221;classic&#8221; rt_bg_image_repeat=&#8221;repeat&#8221; [&hellip;]<\/p>\n","protected":false},"author":1,"featured_media":0,"parent":0,"menu_order":0,"comment_status":"closed","ping_status":"closed","template":"","meta":[],"_links":{"self":[{"href":"https:\/\/agner.pt\/en\/wp-json\/wp\/v2\/pages\/3049"}],"collection":[{"href":"https:\/\/agner.pt\/en\/wp-json\/wp\/v2\/pages"}],"about":[{"href":"https:\/\/agner.pt\/en\/wp-json\/wp\/v2\/types\/page"}],"author":[{"embeddable":true,"href":"https:\/\/agner.pt\/en\/wp-json\/wp\/v2\/users\/1"}],"replies":[{"embeddable":true,"href":"https:\/\/agner.pt\/en\/wp-json\/wp\/v2\/comments?post=3049"}],"version-history":[{"count":11,"href":"https:\/\/agner.pt\/en\/wp-json\/wp\/v2\/pages\/3049\/revisions"}],"predecessor-version":[{"id":3642,"href":"https:\/\/agner.pt\/en\/wp-json\/wp\/v2\/pages\/3049\/revisions\/3642"}],"wp:attachment":[{"href":"https:\/\/agner.pt\/en\/wp-json\/wp\/v2\/media?parent=3049"}],"curies":[{"name":"wp","href":"https:\/\/api.w.org\/{rel}","templated":true}]}}