{"id":3007,"date":"2015-02-02T04:29:48","date_gmt":"2016-03-29T16:10:03","guid":{"rendered":"http:\/\/agner.pt\/?page_id=3007"},"modified":"2016-03-29T17:30:50","modified_gmt":"2016-03-29T17:30:50","slug":"home-page-en","status":"publish","type":"page","link":"https:\/\/agner.pt\/en\/","title":{"rendered":"Home Page"},"content":{"rendered":"<p>[vc_row rt_row_background_width=&#8221;fullwidth&#8221; rt_row_content_width=&#8221;fullwidth&#8221; rt_row_style=&#8221;default-style&#8221; rt_row_borders=&#8221;&#8221; rt_row_paddings=&#8221;false&#8221; rt_bg_effect=&#8221;classic&#8221; rt_bg_image_repeat=&#8221;repeat&#8221; rt_bg_size=&#8221;cover&#8221; rt_bg_position=&#8221;right top&#8221; rt_bg_attachment=&#8221;scroll&#8221; rt_bg_video_format=&#8221;self-hosted&#8221;][vc_column rt_bg_image_repeat=&#8221;repeat&#8221; rt_bg_size=&#8221;auto auto&#8221; rt_bg_attachment=&#8221;scroll&#8221;][rev_slider_vc alias=&#8221;rt19-demo10&#8243;][\/vc_column][\/vc_row][vc_row rt_row_background_width=&#8221;fullwidth&#8221; rt_row_content_width=&#8221;default&#8221; rt_row_style=&#8221;alt-style-2&#8243; rt_row_borders=&#8221;&#8221; rt_row_paddings=&#8221;true&#8221; id=&#8221;contacto_de_emergecia&#8221; rt_bg_effect=&#8221;parallax&#8221; rt_bg_parallax_effect=&#8221;1&#8243; rt_bg_image_repeat=&#8221;repeat&#8221; rt_bg_size=&#8221;auto auto&#8221; rt_bg_position=&#8221;right top&#8221; rt_bg_video_format=&#8221;self-hosted&#8221; rt_row_width=&#8221;default&#8221; rt_row_placement=&#8221;true&#8221;][vc_column rt_bg_image_repeat=&#8221;repeat&#8221; rt_bg_size=&#8221;auto auto&#8221; rt_bg_attachment=&#8221;scroll&#8221;]\n\t\t\t\t<div  class=\"banner withbutton clearfix\" data-rt-animate=\"animate\" data-rt-animation-type=\"fadeIn\" data-rt-animation-group=\"single\" >\n\t\t\t\t\t<div class=\"featured_text\">\n\t\t\t\t\t\t<h3>EMERGENCY PICKET: +351 918 14 14 15<\/h3>\n\n\t\t\t\t\t<\/div>\n\t\t\t\t\t<div class=\"button_holder\"><div>\n\t\t\t<div class=\"button_wrapper align\"><a  href=\"http:\/\/agner.pt\/contactos-agner\/\" target=\"_self\" title=\"clique aqui\" class=\"button_  color medium\"><span class=\"icon-new-attach-1\"><\/span>Contacte-nos<\/a><\/div>\n\t\t<\/div><\/div>\t\t\t\t\n\t\t\t\t<\/div>\n\t\t\t[\/vc_column][\/vc_row][vc_row rt_row_background_width=&#8221;fullwidth&#8221; rt_row_content_width=&#8221;default&#8221; rt_row_style=&#8221;alt-style-1&#8243; rt_row_borders=&#8221;&#8221; rt_grid=&#8221;true&#8221; rt_row_paddings=&#8221;true&#8221; rt_bg_effect=&#8221;classic&#8221; rt_bg_image_repeat=&#8221;no-repeat&#8221; rt_bg_size=&#8221;cover&#8221; rt_bg_position=&#8221;right center&#8221; rt_bg_attachment=&#8221;scroll&#8221; rt_bg_video_format=&#8221;self-hosted&#8221; rt_padding_top=&#8221;60&#8243; rt_padding_bottom=&#8221;60&#8243;][vc_column rt_bg_image_repeat=&#8221;repeat&#8221; rt_bg_size=&#8221;auto auto&#8221; rt_bg_attachment=&#8221;scroll&#8221;]<div class=\"rt_heading_wrapper style-4\">\n\t\t\t\t\t\t<span class=\"punchline\">AGNER SERVICE o seu parceiro de manuten\u00e7\u00e3o ind\u00fastrial<\/span>\n\t\t\t\t\t\t<h4 class=\"rt_heading  with_punchline style-4\" >Not\u00edcias<\/h4>\n\t\t\t\t\t<\/div>[vc_separator style=&#8221;style-6&#8243; margin_top=&#8221;60&#8243;][\/vc_column][\/vc_row][vc_row rt_row_background_width=&#8221;fullwidth&#8221; rt_row_content_width=&#8221;default&#8221; rt_row_style=&#8221;default-style&#8221; rt_row_borders=&#8221;&#8221; rt_grid=&#8221;true&#8221; rt_row_paddings=&#8221;true&#8221; rt_bg_effect=&#8221;classic&#8221; rt_bg_image_repeat=&#8221;repeat&#8221; rt_bg_size=&#8221;cover&#8221; rt_bg_position=&#8221;right top&#8221; rt_bg_attachment=&#8221;scroll&#8221; rt_bg_video_format=&#8221;self-hosted&#8221; rt_padding_top=&#8221;60&#8243; rt_padding_bottom=&#8221;60&#8243;][vc_column rt_bg_image_repeat=&#8221;repeat&#8221; rt_bg_size=&#8221;auto auto&#8221; rt_bg_attachment=&#8221;scroll&#8221;]<div class=\"rt_heading_wrapper style-4\">\n\t\t\t\t\t\t\n\t\t\t\t\t\t<h1 class=\"rt_heading  style-4\" >Servi\u00e7os<\/h1>\n\t\t\t\t\t<\/div>[vc_row_inner rt_row_style=&#8221;global-style&#8221;][vc_column_inner width=&#8221;1\/3&#8243; rt_bg_image_repeat=&#8221;repeat&#8221; rt_bg_size=&#8221;auto auto&#8221; rt_bg_attachment=&#8221;scroll&#8221;]<article  class=\"icon-content-box content-box icon-left icon-style-1\"><div class=\"icon-holder\"><span class=\"icon-chart-bar-2\"><\/span><\/div><div class=\"text-holder\"><h5 class=\"heading\">PROJETO<\/h5> <p>Agner \u00e9 um fornecedor l\u00edder no projeto de g\u00e1s \u00e0 industria.<br \/>\nA nossa organiza\u00e7\u00e3o pode fornecer servi\u00e7os de engenharia , aquisi\u00e7\u00e3o de materiais , montagem<\/p>\n<\/div><\/article>[\/vc_column_inner][vc_column_inner width=&#8221;1\/3&#8243; rt_bg_image_repeat=&#8221;repeat&#8221; rt_bg_size=&#8221;auto auto&#8221; rt_bg_attachment=&#8221;scroll&#8221;]<article  class=\"icon-content-box content-box icon-left icon-style-1\"><div class=\"icon-holder\"><span class=\"icon-dot-circled\"><\/span><\/div><div class=\"text-holder\"><h5 class=\"heading\">CONSTRU\u00c7\u00c3O<\/h5> <p>Agner tem a experi\u00eancia do estudo de viabilidade inicial at\u00e9 ao comissionamento final .<br \/>\nTemos a capacidade de execu\u00e7\u00e3o de projetos grandes e complexos.<\/p>\n<\/div><\/article>[\/vc_column_inner][vc_column_inner width=&#8221;1\/3&#8243; rt_bg_image_repeat=&#8221;repeat&#8221; rt_bg_size=&#8221;auto auto&#8221; rt_bg_attachment=&#8221;scroll&#8221;]<article  class=\"icon-content-box content-box icon-left icon-style-1\"><div class=\"icon-holder\"><span class=\"icon-globe-1\"><\/span><\/div><div class=\"text-holder\"><h5 class=\"heading\">MANUTEN\u00c7\u00c3O<\/h5> <p>Agner tem uma grande experi\u00eancia na assist\u00eancia \u00e0s suas instala\u00e7\u00f5es de g\u00e1s, vapor,incendio,queimadores Com uma grande variedade de pe\u00e7as de reposi\u00e7\u00e3o, equipes 24 horas prontas para ajud\u00e1-lo<\/p>\n<\/div><\/article>[\/vc_column_inner][\/vc_row_inner][vc_row_inner rt_row_style=&#8221;global-style&#8221;][vc_column_inner width=&#8221;1\/3&#8243; rt_bg_image_repeat=&#8221;repeat&#8221; rt_bg_size=&#8221;auto auto&#8221; rt_bg_attachment=&#8221;scroll&#8221;]<article  class=\"icon-content-box content-box icon-left icon-style-1\"><div class=\"icon-holder\"><span class=\"icon-temperatire\"><\/span><\/div><div class=\"text-holder\"><h5 class=\"heading\">CALDEIRAS\/QUEIMADORES<\/h5> <p>Agner cuida da sua central t\u00e9rmica. Podemos assegurar a manuten\u00e7\u00e3o das suas caldeiras e queimadores. O nosso departamento t\u00e9cnico, certifica, instala e mantem queimadores. Melhore a efici\u00eancia.<\/p>\n<\/div><\/article>[\/vc_column_inner][vc_column_inner width=&#8221;1\/3&#8243; rt_bg_image_repeat=&#8221;repeat&#8221; rt_bg_size=&#8221;auto auto&#8221; rt_bg_attachment=&#8221;scroll&#8221;]<article  class=\"icon-content-box content-box icon-left icon-style-1\"><div class=\"icon-holder\"><span class=\"icon-waves\"><\/span><\/div><div class=\"text-holder\"><h5 class=\"heading\">UNIDADES AR PROPANADO<\/h5> <p>Agner dispoe de solu\u00e7\u00f5es de unidades de ar propanado .<br \/>\nTroque de combustivel com facilidade , sem interromper o seu fornecimento, nem alterar equipamentos .<\/p>\n<\/div><\/article>[\/vc_column_inner][vc_column_inner width=&#8221;1\/3&#8243; rt_bg_image_repeat=&#8221;repeat&#8221; rt_bg_size=&#8221;auto auto&#8221; rt_bg_attachment=&#8221;scroll&#8221;]<article  class=\"icon-content-box content-box icon-left icon-style-1\"><div class=\"icon-holder\"><span class=\"icon-th\"><\/span><\/div><div class=\"text-holder\"><h5 class=\"heading\">BIOG\u00c1S<\/h5> <p>Agner tem solu\u00e7\u00f5es para o tratamento, filtragem, armazenamento, an\u00e1lise, compress\u00e3o, medi\u00e7\u00e3o e queima de biog\u00e1s.<\/p>\n<\/div><\/article>[\/vc_column_inner][\/vc_row_inner][vc_row_inner rt_row_style=&#8221;global-style&#8221;][vc_column_inner width=&#8221;1\/3&#8243; rt_bg_image_repeat=&#8221;repeat&#8221; rt_bg_size=&#8221;auto auto&#8221; rt_bg_attachment=&#8221;scroll&#8221;][\/vc_column_inner][vc_column_inner width=&#8221;1\/3&#8243; rt_bg_image_repeat=&#8221;repeat&#8221; rt_bg_size=&#8221;auto auto&#8221; rt_bg_attachment=&#8221;scroll&#8221;]<article  class=\"icon-content-box content-box icon-left icon-style-1\"><div class=\"icon-holder\"><span class=\"icon-gauge-1\"><\/span><\/div><div class=\"text-holder\"><h5 class=\"heading\">MEDI\u00c7\u00c3O E REGULA\u00c7\u00c3O<\/h5> <p>Agner tem nos seus quadros,dos t\u00e9cnicos mais qualificados no mercado Portugu\u00eas em medi\u00e7\u00e3o e regula\u00e7\u00e3o de g\u00e1s.<\/p>\n<\/div><\/article>[\/vc_column_inner][vc_column_inner width=&#8221;1\/3&#8243; rt_bg_image_repeat=&#8221;repeat&#8221; rt_bg_size=&#8221;auto auto&#8221; rt_bg_attachment=&#8221;scroll&#8221;][\/vc_column_inner][\/vc_row_inner][\/vc_column][\/vc_row][vc_row rt_row_background_width=&#8221;fullwidth&#8221; rt_row_content_width=&#8221;default&#8221; rt_row_style=&#8221;alt-style-1&#8243; rt_row_borders=&#8221;&#8221; rt_row_paddings=&#8221;true&#8221; rt_bg_image=&#8221;2888&#8243; rt_bg_effect=&#8221;parallax&#8221; rt_bg_parallax_effect=&#8221;3&#8243; rt_bg_image_repeat=&#8221;no-repeat&#8221; rt_bg_size=&#8221;cover&#8221; rt_bg_position=&#8221;right top&#8221; rt_bg_video_format=&#8221;self-hosted&#8221; rt_padding_top=&#8221;160&#8243; rt_padding_bottom=&#8221;0&#8243; rt_padding_left=&#8221;0&#8243; rt_padding_right=&#8221;0&#8243;][vc_column rt_bg_image_repeat=&#8221;repeat&#8221; rt_bg_size=&#8221;auto auto&#8221; rt_bg_attachment=&#8221;scroll&#8221; rt_padding_top=&#8221;60&#8243; rt_padding_bottom=&#8221;20&#8243; rt_bg_color=&#8221;rgba(255,255,255,0.64)&#8221; rt_padding_left=&#8221;40&#8243; rt_padding_right=&#8221;40&#8243;]<div class=\"rt_heading_wrapper style-4\">\n\t\t\t\t\t\t<span class=\"punchline\">AGNER SERVICE o seu parceiro de manuten\u00e7\u00e3o ind\u00fastrial<\/span>\n\t\t\t\t\t\t<h2 class=\"rt_heading  with_punchline style-4\" >6 BOAS RAZ\u00d5ES PARA NOS ESCOLHER<\/h2>\n\t\t\t\t\t<\/div>[\/vc_column][\/vc_row][vc_row rt_row_background_width=&#8221;fullwidth&#8221; rt_row_content_width=&#8221;default&#8221; rt_row_style=&#8221;default-style&#8221; rt_row_borders=&#8221;&#8221; rt_row_paddings=&#8221;true&#8221; rt_bg_effect=&#8221;parallax&#8221; rt_bg_parallax_effect=&#8221;1&#8243; rt_bg_image_repeat=&#8221;repeat&#8221; rt_bg_size=&#8221;auto auto&#8221; rt_bg_position=&#8221;right top&#8221; rt_bg_video_format=&#8221;self-hosted&#8221; rt_row_width=&#8221;default&#8221; rt_padding_top=&#8221;60&#8243; rt_padding_bottom=&#8221;0&#8243;][vc_column width=&#8221;1\/3&#8243; rt_bg_image_repeat=&#8221;repeat&#8221; rt_bg_size=&#8221;auto auto&#8221; rt_bg_attachment=&#8221;scroll&#8221;][vc_empty_space height=&#8221;60px&#8221;]\t \n\t\t<div  class=\"chained_contents style-2  right\" data-rt-animation-group=\"group\">\n\t\t\t \n\t\t<div  class=\"\" data-rt-animate=\"animate\" data-rt-animation-type=\"fadeInDown\">\n\t\t<span class=\"number\">1<\/span><div class=\"list-content\"><p>Poderemos oferecer uma vasta gama de produtos de algumas Marcas que representamos desde redutores de press\u00e3o das marcas Tartarini, APQ, Madas; Contadores de Turbina e Quant\u00f3metros das marcas Common; Filtros, V\u00e1lvulas, Esta\u00e7\u00f5es de Ar Propanado, entre muito outros.<\/p>\n<\/div>\n\t\t<\/div>\n\t\t \n\t\t<div  class=\"\" data-rt-animate=\"animate\" data-rt-animation-type=\"fadeInDown\">\n\t\t<span class=\"number\">2<\/span><div class=\"list-content\"><p>Produzimos solu\u00e7\u00f5es para todas as aplica\u00e7\u00f5es na \u00e1rea do consumo, distribui\u00e7\u00e3o e transporte de g\u00e1s<\/p>\n<\/div>\n\t\t<\/div>\n\t\t \n\t\t<div  class=\"\" data-rt-animate=\"animate\" data-rt-animation-type=\"fadeInDown\">\n\t\t<span class=\"number\">3<\/span><div class=\"list-content\"><p>Os nossos clientes s\u00e3o empresas do ramo do neg\u00f3cio do g\u00e1s em geral, por exemplo, empresas de Distribui\u00e7\u00e3o (REN), concession\u00e1rias de distribui\u00e7\u00e3o de g\u00e1s (Galpenergia e Edpg\u00e1s), entre outras, tais como vidreiras, corticeiras, papeleiras, t\u00eaxteis, qu\u00edmicas, cer\u00e2micas e hospitais.<\/p>\n<\/div>\n\t\t<\/div>\n\t\n\t\t<\/div>\n\t[\/vc_column][vc_column width=&#8221;1\/3&#8243; rt_bg_image_repeat=&#8221;repeat&#8221; rt_bg_size=&#8221;auto auto&#8221; rt_bg_attachment=&#8221;scroll&#8221;][vc_single_image image=&#8221;2868&#8243; img_size=&#8221;full&#8221; alignment=&#8221;center&#8221;][\/vc_column][vc_column width=&#8221;1\/3&#8243; rt_bg_image_repeat=&#8221;repeat&#8221; rt_bg_size=&#8221;auto auto&#8221; rt_bg_attachment=&#8221;scroll&#8221;][vc_empty_space height=&#8221;60px&#8221;]\t \n\t\t<div  class=\"chained_contents style-2  left\" data-rt-animation-group=\"group\">\n\t\t\t \n\t\t<div  class=\"\" data-rt-animate=\"animate\" data-rt-animation-type=\"fadeInDown\">\n\t\t<span class=\"number\">4<\/span><div class=\"list-content\"><p>Podemos oferecer solu\u00e7\u00f5es personalizadas que variam desde a sua ind\u00fastria at\u00e9 postos de redu\u00e7\u00e3o de press\u00e3o e medida para cidades.<\/p>\n<\/div>\n\t\t<\/div>\n\t\t \n\t\t<div  class=\"\" data-rt-animate=\"animate\" data-rt-animation-type=\"fadeInDown\">\n\t\t<span class=\"number\">5<\/span><div class=\"list-content\"><p>Somos respons\u00e1veis \u200b\u200bpor um projeto completo, desde sua conce\u00e7\u00e3o at\u00e9 \u00e0 instala\u00e7\u00e3o e manuten\u00e7\u00e3o, a nossa flexibilidade garante-lhe a um servi\u00e7o completo a qualquer hora.<\/p>\n<\/div>\n\t\t<\/div>\n\t\t \n\t\t<div  class=\"\" data-rt-animate=\"animate\" data-rt-animation-type=\"fadeInDown\">\n\t\t<span class=\"number\">6<\/span><div class=\"list-content\"><p>Os nossos profissionais, especialistas nas diferentes qualifica\u00e7\u00f5es para operar no mercado dos Gases combust\u00edveis, est\u00e3o preparados para responder \u00e0s suas quest\u00f5es e solicita\u00e7\u00f5es.<\/p>\n<\/div>\n\t\t<\/div>\n\t\n\t\t<\/div>\n\t[\/vc_column][\/vc_row][vc_row rt_row_background_width=&#8221;fullwidth&#8221; rt_row_content_width=&#8221;default&#8221; rt_row_style=&#8221;alt-style-1&#8243; rt_row_borders=&#8221;&#8221; rt_grid=&#8221;true&#8221; rt_row_paddings=&#8221;true&#8221; rt_bg_effect=&#8221;classic&#8221; rt_bg_image_repeat=&#8221;repeat&#8221; rt_bg_size=&#8221;auto auto&#8221; rt_bg_position=&#8221;right top&#8221; rt_bg_attachment=&#8221;scroll&#8221; rt_bg_video_format=&#8221;self-hosted&#8221; rt_row_width=&#8221;default&#8221; rt_padding_top=&#8221;60&#8243; rt_padding_bottom=&#8221;60&#8243;][vc_column width=&#8221;1\/3&#8243; rt_bg_image_repeat=&#8221;repeat&#8221; rt_bg_size=&#8221;auto auto&#8221; rt_bg_attachment=&#8221;scroll&#8221;]<div class=\"rt_heading_wrapper style-6\">\n\t\t\t\t\t\t\n\t\t\t\t\t\t<h4 class=\"rt_heading  style-6\" >Latest News<\/h4>\n\t\t\t\t\t<\/div><section class=\"latest_news clearfix style-1\"><article>\n\n\t\t\t\t\t<div class=\"date\">\n\t\t\t\t\t\t<span class=\"day\">29<\/span>\n\t\t\t\t\t\t<span class=\"year\">Mar 16<\/span>\n\t\t\t\t\t<\/div>\n\t\t\t\t\t\n\n\t\t\t\t\t<div class=\"text\">\n\t\t\t\t\t\t<h5 class=\"clean_heading\"><a class=\"title\" href=\"https:\/\/agner.pt\/en\/measurement-and-regulation\/\" title=\"MEASUREMENT AND REGULATION\" rel=\"bookmark\">MEASUREMENT AND REGULATION<\/a><\/h5>\n\t\t\t\t\t\t<p>Agner tem nos seus quadros,dos t\u00e9cnicos mais qualificados no mercado Portugu\u00eas em medi\u00e7\u00e3o e regula\u00e7\u00e3...<\/p>\n\t\t\t\t\t<\/div>\n\t\t\t\t\t\n<\/article>\n<article>\n\n\t\t\t\t\t<div class=\"date\">\n\t\t\t\t\t\t<span class=\"day\">29<\/span>\n\t\t\t\t\t\t<span class=\"year\">Mar 16<\/span>\n\t\t\t\t\t<\/div>\n\t\t\t\t\t\n\n\t\t\t\t\t<div class=\"text\">\n\t\t\t\t\t\t<h5 class=\"clean_heading\"><a class=\"title\" href=\"https:\/\/agner.pt\/en\/biogas-en\/\" title=\"BIOGAS\" rel=\"bookmark\">BIOGAS<\/a><\/h5>\n\t\t\t\t\t\t<p>Agner tem solu\u00e7\u00f5es para o tratamento, filtragem, armazenamento, an\u00e1lise, compress\u00e3o, medi\u00e7\u00e3o e queim...<\/p>\n\t\t\t\t\t<\/div>\n\t\t\t\t\t\n<\/article>\n<article>\n\n\t\t\t\t\t<div class=\"date\">\n\t\t\t\t\t\t<span class=\"day\">29<\/span>\n\t\t\t\t\t\t<span class=\"year\">Mar 16<\/span>\n\t\t\t\t\t<\/div>\n\t\t\t\t\t\n\n\t\t\t\t\t<div class=\"text\">\n\t\t\t\t\t\t<h5 class=\"clean_heading\"><a class=\"title\" href=\"https:\/\/agner.pt\/en\/units-air-propanado\/\" title=\"UNITS AIR PROPANADO\" rel=\"bookmark\">UNITS AIR PROPANADO<\/a><\/h5>\n\t\t\t\t\t\t<p>Agner dispoe de solu\u00e7\u00f5es de unidades de ar propanado . Troque de combustivel com facilidade , sem in...<\/p>\n\t\t\t\t\t<\/div>\n\t\t\t\t\t\n<\/article>\n<\/section>[\/vc_column][vc_column width=&#8221;1\/3&#8243; rt_bg_image_repeat=&#8221;repeat&#8221; rt_bg_size=&#8221;auto auto&#8221; rt_bg_attachment=&#8221;scroll&#8221;]<div class=\"rt_heading_wrapper style-6\">\n\t\t\t\t\t\t\n\t\t\t\t\t\t<h4 class=\"rt_heading  style-6\" >Features You&#8217;ll Love!<\/h4>\n\t\t\t\t\t<\/div>[vc_column_text]Ut tristique sit amet ipsum nec <a href=\"#\">bibendum<\/a>. Suspendisse potenti. Nam non neque semper, consequat tellus quis, tincidunt lorem.[\/vc_column_text][vc_accordion style=&#8221;numbered&#8221; first_one_open=&#8221;&#8221;][vc_accordion_tab title=&#8221;Responsive Design&#8221;][vc_column_text]RT-Theme 19 has been designed to fit the screens of all popular devices such as tablets, smart phones and regular computers. You can test it by resizing your browser window.[\/vc_column_text][\/vc_accordion_tab][vc_accordion_tab title=&#8221;Theme Customizer&#8221;][vc_column_text]Customize colors, backgrounds, fonts, etc. and create your own color scheme by using the theme customizer panel. Or, select one of the 5 pre-made skins, customize them before save and publish your website.[\/vc_column_text][\/vc_accordion_tab][vc_accordion_tab title=&#8221;Drag &amp; Drop Page Builder &#8220;][vc_column_text]Theme comes with Visual Composer drag &amp; drop page builder. You can create complex page layouts easily by using this plugin. We also created <strong>35 new<\/strong> modules for Visual Composer to make it much powerful.[\/vc_column_text][\/vc_accordion_tab][vc_accordion_tab title=&#8221;Individual Styling&#8221;][vc_column_text]You can customize body, header, left side, right side and footer of each page independently.[\/vc_column_text][\/vc_accordion_tab][vc_accordion_tab title=&#8221;Product Catalog or Shop&#8221;][vc_column_text]With our embedded Product Showcase tools you can showcase your products or services. With this very extendable tool, you are free to create a product catalog or service list such as tours etc. with nested categories.<\/p>\n<p>If you would like to sell your products online via various payment systems or mail order, you can install the free WooCommerce plugin. The theme not only supports the plugin it also promise a professional looking online store.[\/vc_column_text][\/vc_accordion_tab][\/vc_accordion][\/vc_column][vc_column width=&#8221;1\/3&#8243; rt_bg_image_repeat=&#8221;repeat&#8221; rt_bg_size=&#8221;auto auto&#8221; rt_bg_attachment=&#8221;scroll&#8221;]<div class=\"rt_heading_wrapper style-6\">\n\t\t\t\t\t\t\n\t\t\t\t\t\t<h4 class=\"rt_heading  style-6\" >Latest Projects<\/h4>\n\t\t\t\t\t<\/div>[\/vc_column][\/vc_row][vc_row rt_row_background_width=&#8221;fullwidth&#8221; rt_row_content_width=&#8221;default&#8221; rt_row_style=&#8221;alt-style-2&#8243; rt_row_borders=&#8221;&#8221; rt_grid=&#8221;true&#8221; rt_row_paddings=&#8221;true&#8221; rt_bg_effect=&#8221;classic&#8221; rt_bg_image_repeat=&#8221;repeat&#8221; rt_bg_size=&#8221;cover&#8221; rt_bg_position=&#8221;right top&#8221; rt_bg_attachment=&#8221;scroll&#8221; rt_bg_video_format=&#8221;self-hosted&#8221; rt_padding_top=&#8221;90&#8243; rt_padding_bottom=&#8221;90&#8243;][vc_column rt_bg_image_repeat=&#8221;repeat&#8221; rt_bg_size=&#8221;auto auto&#8221; rt_bg_attachment=&#8221;scroll&#8221;]<div class=\"rt_heading_wrapper style-4\">\n\t\t\t\t\t\t<span class=\"punchline\">WHAT THEY ARE SAYING<\/span>\n\t\t\t\t\t\t<h4 class=\"rt_heading  with_punchline style-4\" >TESTIMONIALS<\/h4>\n\t\t\t\t\t<\/div>[\/vc_column][\/vc_row]<\/p>\n","protected":false},"excerpt":{"rendered":"<p>[vc_row rt_row_background_width=&#8221;fullwidth&#8221; rt_row_content_width=&#8221;fullwidth&#8221; rt_row_style=&#8221;default-style&#8221; rt_row_borders=&#8221;&#8221; rt_row_paddings=&#8221;false&#8221; rt_bg_effect=&#8221;classic&#8221; rt_bg_image_repeat=&#8221;repeat&#8221; rt_bg_size=&#8221;cover&#8221; rt_bg_position=&#8221;right top&#8221; rt_bg_attachment=&#8221;scroll&#8221; rt_bg_video_format=&#8221;self-hosted&#8221;][vc_column rt_bg_image_repeat=&#8221;repeat&#8221; rt_bg_size=&#8221;auto auto&#8221; rt_bg_attachment=&#8221;scroll&#8221;][rev_slider_vc alias=&#8221;rt19-demo10&#8243;][\/vc_column][\/vc_row][vc_row rt_row_background_width=&#8221;fullwidth&#8221; rt_row_content_width=&#8221;default&#8221; rt_row_style=&#8221;alt-style-2&#8243; rt_row_borders=&#8221;&#8221; rt_row_paddings=&#8221;true&#8221; id=&#8221;contacto_de_emergecia&#8221; rt_bg_effect=&#8221;parallax&#8221; rt_bg_parallax_effect=&#8221;1&#8243; rt_bg_image_repeat=&#8221;repeat&#8221; rt_bg_size=&#8221;auto auto&#8221; rt_bg_position=&#8221;right top&#8221; rt_bg_video_format=&#8221;self-hosted&#8221; rt_row_width=&#8221;default&#8221; rt_row_placement=&#8221;true&#8221;][vc_column rt_bg_image_repeat=&#8221;repeat&#8221; rt_bg_size=&#8221;auto auto&#8221; rt_bg_attachment=&#8221;scroll&#8221;][\/vc_column][\/vc_row][vc_row rt_row_background_width=&#8221;fullwidth&#8221; rt_row_content_width=&#8221;default&#8221; rt_row_style=&#8221;alt-style-1&#8243; rt_row_borders=&#8221;&#8221; rt_grid=&#8221;true&#8221; rt_row_paddings=&#8221;true&#8221; rt_bg_effect=&#8221;classic&#8221; rt_bg_image_repeat=&#8221;no-repeat&#8221; rt_bg_size=&#8221;cover&#8221; rt_bg_position=&#8221;right center&#8221; rt_bg_attachment=&#8221;scroll&#8221; rt_bg_video_format=&#8221;self-hosted&#8221; rt_padding_top=&#8221;60&#8243; rt_padding_bottom=&#8221;60&#8243;][vc_column rt_bg_image_repeat=&#8221;repeat&#8221; rt_bg_size=&#8221;auto [&hellip;]<\/p>\n","protected":false},"author":1,"featured_media":0,"parent":0,"menu_order":0,"comment_status":"closed","ping_status":"closed","template":"","meta":[],"_links":{"self":[{"href":"https:\/\/agner.pt\/en\/wp-json\/wp\/v2\/pages\/3007"}],"collection":[{"href":"https:\/\/agner.pt\/en\/wp-json\/wp\/v2\/pages"}],"about":[{"href":"https:\/\/agner.pt\/en\/wp-json\/wp\/v2\/types\/page"}],"author":[{"embeddable":true,"href":"https:\/\/agner.pt\/en\/wp-json\/wp\/v2\/users\/1"}],"replies":[{"embeddable":true,"href":"https:\/\/agner.pt\/en\/wp-json\/wp\/v2\/comments?post=3007"}],"version-history":[{"count":4,"href":"https:\/\/agner.pt\/en\/wp-json\/wp\/v2\/pages\/3007\/revisions"}],"predecessor-version":[{"id":3057,"href":"https:\/\/agner.pt\/en\/wp-json\/wp\/v2\/pages\/3007\/revisions\/3057"}],"wp:attachment":[{"href":"https:\/\/agner.pt\/en\/wp-json\/wp\/v2\/media?parent=3007"}],"curies":[{"name":"wp","href":"https:\/\/api.w.org\/{rel}","templated":true}]}}