{"id":2297,"date":"2014-10-08T16:09:57","date_gmt":"2014-10-08T16:09:57","guid":{"rendered":"http:\/\/agner.pt\/?page_id=2297"},"modified":"2016-09-27T10:24:50","modified_gmt":"2016-09-27T10:24:50","slug":"valores-visao-posicionamento-agner","status":"publish","type":"page","link":"https:\/\/agner.pt\/en\/valores-visao-posicionamento-agner\/","title":{"rendered":"VALORES-VIS\u00c3O-POSICIONAMENTO"},"content":{"rendered":"<p>[vc_row rt_row_background_width=&#8221;fullwidth&#8221; rt_row_content_width=&#8221;default&#8221; rt_row_style=&#8221;alt-style-2&#8243; rt_row_borders=&#8221;&#8221; rt_row_paddings=&#8221;true&#8221; rt_bg_image=&#8221;2131&#8243; rt_bg_effect=&#8221;parallax&#8221; rt_bg_parallax_effect=&#8221;3&#8243; rt_bg_image_repeat=&#8221;repeat&#8221; rt_bg_size=&#8221;cover&#8221; rt_bg_position=&#8221;right top&#8221; rt_bg_video_format=&#8221;self-hosted&#8221; rt_padding_top=&#8221;50&#8243; rt_padding_bottom=&#8221;50&#8243;][vc_column rt_bg_image_repeat=&#8221;repeat&#8221; rt_bg_size=&#8221;auto auto&#8221; rt_bg_attachment=&#8221;scroll&#8221;]<div class=\"rt_heading_wrapper style-4\">\n\t\t\t\t\t\t\n\t\t\t\t\t\t<h1 class=\"rt_heading  style-4\" >VALORES-VIS\u00c3O-POSICIONAMENTO<\/h1>\n\t\t\t\t\t<\/div>[\/vc_column][\/vc_row][vc_row rt_row_background_width=&#8221;default&#8221; rt_row_style=&#8221;default-style&#8221; rt_row_borders=&#8221;&#8221; rt_row_paddings=&#8221;true&#8221; rt_bg_effect=&#8221;classic&#8221; rt_bg_image_repeat=&#8221;repeat&#8221; rt_bg_size=&#8221;cover&#8221; rt_bg_position=&#8221;right top&#8221; rt_bg_attachment=&#8221;scroll&#8221; rt_bg_video_format=&#8221;self-hosted&#8221;][vc_column width=&#8221;2\/3&#8243; rt_bg_image_repeat=&#8221;repeat&#8221; rt_bg_size=&#8221;auto auto&#8221; rt_bg_attachment=&#8221;scroll&#8221;]<div class=\"rt_heading_wrapper style-1\">\n\t\t\t\t\t\t\n\t\t\t\t\t\t<h2 class=\"rt_heading  style-1\" >VALORES-VIS\u00c3O-POSICIONAMENTO<\/h2>\n\t\t\t\t\t<\/div>[vc_column_text]Sediada em Albergaria-a-Velha e com delega\u00e7\u00e3o no sul do pa\u00eds, na Quinta de Valadares em Corroios, a Agner Service produz nas suas instala\u00e7\u00f5es, solu\u00e7\u00f5es para todas as aplica\u00e7\u00f5es na \u00e1rea Industrial, transporte, distribui\u00e7\u00e3o e consumo de g\u00e1s.<br \/>\nA Agner Service tem como clientes empresas do ramo do neg\u00f3cio do g\u00e1s, tais como empresas de distribui\u00e7\u00e3o (RENGASODUTOS) e concession\u00e1rias de distribui\u00e7\u00e3o de g\u00e1s (Galp Energia e EDP G\u00e1s).<\/p>\n<p>Para al\u00e9m disso, trabalha com as grandes empresas utilizadoras deste combust\u00edvel nos diversos ramos industriais, nomeadamente com a industria vidreira, corticeira, papeleira, t\u00eaxtil, qu\u00edmica, cer\u00e2mica e hospitalar.<\/p>\n<p>A empresa oferece uma vasta gama de produtos de algumas marcas que representa, como por exemplo redutores de press\u00e3o das marcas Emerson Tartarini, DUNGS e Madas e contadores de turbina e quant\u00f3metros das marcas Common. Conjuntamente disponibiliza diversos produtos como filtros, v\u00e1lvulas, esta\u00e7\u00f5es de ar propanado, entre outros.<\/p>\n<p>A Agner Service oferece um servi\u00e7o personalizado de acordo com a \u00e1rea industrial de cada cliente, para al\u00e9m de solu\u00e7\u00f5es para postos de redu\u00e7\u00e3o de press\u00e3o e medida para cidades. A gama completa e abrangente de servi\u00e7os e solu\u00e7\u00f5es vai de encontro \u00e0s necessidades espec\u00edficas de cada cliente.<\/p>\n<p>A empresa encontra-se apta para dirigir todas as fases de constru\u00e7\u00e3o desde o projeto, \u00e0 sua conce\u00e7\u00e3o, instala\u00e7\u00e3o e manuten\u00e7\u00e3o. Com a m\u00e1xima flexibilidade \u00e9 garantido um servi\u00e7o completo a qualquer hora, assegurada pelo seu piquete.<\/p>\n<p>A especializada e qualificada equipa de profissionais no mercado dos gases combust\u00edveis, encontra-se preparada para responder a todas as solicita\u00e7\u00f5es. S\u00e3o realizados forma\u00e7\u00f5es e treinos com o prop\u00f3sito de transmitir conhecimento aprofundado sobre os produtos comercializados.[\/vc_column_text][\/vc_column][vc_column width=&#8221;1\/3&#8243; rt_bg_image_repeat=&#8221;repeat&#8221; rt_bg_size=&#8221;auto auto&#8221; rt_bg_attachment=&#8221;scroll&#8221;][vc_single_image image=&#8221;1993&#8243; img_size=&#8221;large&#8221;][\/vc_column][\/vc_row]<\/p>\n","protected":false},"excerpt":{"rendered":"<p>[vc_row rt_row_background_width=&#8221;fullwidth&#8221; rt_row_content_width=&#8221;default&#8221; rt_row_style=&#8221;alt-style-2&#8243; rt_row_borders=&#8221;&#8221; rt_row_paddings=&#8221;true&#8221; rt_bg_image=&#8221;2131&#8243; rt_bg_effect=&#8221;parallax&#8221; rt_bg_parallax_effect=&#8221;3&#8243; rt_bg_image_repeat=&#8221;repeat&#8221; rt_bg_size=&#8221;cover&#8221; rt_bg_position=&#8221;right top&#8221; rt_bg_video_format=&#8221;self-hosted&#8221; rt_padding_top=&#8221;50&#8243; rt_padding_bottom=&#8221;50&#8243;][vc_column rt_bg_image_repeat=&#8221;repeat&#8221; rt_bg_size=&#8221;auto auto&#8221; rt_bg_attachment=&#8221;scroll&#8221;][\/vc_column][\/vc_row][vc_row rt_row_background_width=&#8221;default&#8221; rt_row_style=&#8221;default-style&#8221; rt_row_borders=&#8221;&#8221; rt_row_paddings=&#8221;true&#8221; rt_bg_effect=&#8221;classic&#8221; rt_bg_image_repeat=&#8221;repeat&#8221; rt_bg_size=&#8221;cover&#8221; rt_bg_position=&#8221;right top&#8221; rt_bg_attachment=&#8221;scroll&#8221; rt_bg_video_format=&#8221;self-hosted&#8221;][vc_column width=&#8221;2\/3&#8243; rt_bg_image_repeat=&#8221;repeat&#8221; rt_bg_size=&#8221;auto auto&#8221; rt_bg_attachment=&#8221;scroll&#8221;][vc_column_text]Sediada em Albergaria-a-Velha e com delega\u00e7\u00e3o no sul do pa\u00eds, na Quinta de Valadares em Corroios, a Agner Service produz [&hellip;]<\/p>\n","protected":false},"author":1,"featured_media":0,"parent":0,"menu_order":0,"comment_status":"closed","ping_status":"closed","template":"","meta":[],"_links":{"self":[{"href":"https:\/\/agner.pt\/en\/wp-json\/wp\/v2\/pages\/2297"}],"collection":[{"href":"https:\/\/agner.pt\/en\/wp-json\/wp\/v2\/pages"}],"about":[{"href":"https:\/\/agner.pt\/en\/wp-json\/wp\/v2\/types\/page"}],"author":[{"embeddable":true,"href":"https:\/\/agner.pt\/en\/wp-json\/wp\/v2\/users\/1"}],"replies":[{"embeddable":true,"href":"https:\/\/agner.pt\/en\/wp-json\/wp\/v2\/comments?post=2297"}],"version-history":[{"count":7,"href":"https:\/\/agner.pt\/en\/wp-json\/wp\/v2\/pages\/2297\/revisions"}],"predecessor-version":[{"id":3519,"href":"https:\/\/agner.pt\/en\/wp-json\/wp\/v2\/pages\/2297\/revisions\/3519"}],"wp:attachment":[{"href":"https:\/\/agner.pt\/en\/wp-json\/wp\/v2\/media?parent=2297"}],"curies":[{"name":"wp","href":"https:\/\/api.w.org\/{rel}","templated":true}]}}