{"id":2295,"date":"2014-10-09T11:47:02","date_gmt":"2015-02-16T17:23:32","guid":{"rendered":"http:\/\/agner.pt\/?page_id=2295"},"modified":"2015-02-16T17:23:32","modified_gmt":"2015-02-16T17:23:32","slug":"units-air-propane","status":"publish","type":"page","link":"https:\/\/agner.pt\/en\/units-air-propane\/","title":{"rendered":"UNITS AIR PROPANE"},"content":{"rendered":"<p>[vc_row][vc_column width=&#8221;1\/1&#8243;][sc_Horizontalteaser title=&#8221;UNIDADES DE AR PROPANADO&#8221; text=&#8221;Vivamus vestibulum neque quis nunc convallis venenatis. Nulla tristique lorem sit amet ipsum ornare sit amet feugiat nulla condimentum. Sed faucibus volutpat nunc, at ullamcorper augue elementum id. Quisque at lectus leo, nec placerat mi. Curabitur egestas eleifend interdum. Suspendisse potenti. Suspendisse nec risus. Curabitur egestas eleifend interdum. Suspendisse potenti. Suspendisse nec risus. Vivamus vestibulum neque quis nunc convallis venenatis. Nulla tristique lorem sit amet ipsum ornare sit amet feugiat nulla condimentum.&#8221; text_width=&#8221;8&#8243; textposition=&#8221;left&#8221; media_type=&#8221;image&#8221; video_link=&#8221;http:\/\/player.vimeo.com\/video\/71409522?title=0&amp;byline=0&amp;portrait=0&#8243; default_offset=&#8221;0.5&#8243; orientation=&#8221;horizontal&#8221; image=&#8221;1935&#8243;]O <strong>Ar Propanado<\/strong> resulta da mistura de ar e propano .<\/p>\n<p>O principal objectivo, \u00e9 produzir uma mistura, com caracteristicas id\u00eanticas ao g\u00e1s que pretendemos substituir.<\/p>\n<p>Assim, ao misturarmos dois gases, teremos que produzir uma mistura, com \u00edndice de WOBBE(ver defini\u00e7\u00e3o), igual\u00a0\u00e1 do\u00a0g\u00e1s que pretendemos substituir.<\/p>\n<p>A principal aplica\u00e7\u00e3o desta mistura, ou g\u00e1s de substitui\u00e7\u00e3o, \u00e9 a de alimentar redes de distribui\u00e7\u00e3o, clientes industriais ou\u00a0 outros, em substitui\u00e7\u00e3o ou alternativa ao G\u00e1s Natural, enquanto este n\u00e3o est\u00e1 disponivel numa determinada regi\u00e3o, situa\u00e7\u00f5es de emerg\u00eancia, ou quando o valor do g\u00e1s de substitui\u00e7\u00e3o for economicamente mais vantajoso .<\/p>\n<p><strong>Vantagens :<\/strong><\/p>\n<ol>\n<li>Distribuir g\u00e1s e ou Ar Propanado, para fornecer aos consumidores, um combust\u00edvel amigo do ambiente e facil de\u00a0usar;<\/li>\n<li>Distribuir Ar Propanado, quando ainda\u00a0n\u00e3o existam redes de distribui\u00e7\u00e3o de G\u00e1s Natural ou em antecipa\u00e7\u00e3o de fontes de energia tradicionais;<\/li>\n<li>Distribuir Ar Propanado para diminuir\u00a0ou eliminar a depend\u00eancia dos consumidores dos recursos energ\u00e9ticos tradicionais;<\/li>\n<li>Total compatibilidade com redes e queimadores existentes sem necessidade de altera\u00e7\u00f5es ou afina\u00e7\u00f5es;<\/li>\n<li>Maior espa\u00e7o nas instala\u00e7\u00f5es quando este substituir Nafta ou fuel, atrav\u00e9s da remo\u00e7\u00e3o dos tanques; e<\/li>\n<li>Mistura menos poluente e menos emiss\u00f5es de CO2 .\u00a0\u00a0\u00a0<strong>\u00a0<\/strong><\/li>\n<\/ol>\n<p><strong>Defini\u00e7\u00e3o \u00cdndice de Wobbe<\/strong><\/p>\n<p>\u00c9 uma medida da quantidade de energia, disponibilizada num sistema de combust\u00e3o, atrav\u00e9s de um orific\u00edo injector.<\/p>\n<p>Dois gases ou misturas gasosas, que apresentem composi\u00e7\u00f5es distintas, mas com o mesmo \u00edndice de Wobbe, disponibilizara\u00f5 a mesma quantidade de energia, atrav\u00e9s de um orific\u00edo injector, \u00e0 mesma press\u00e3o.[\/sc_Horizontalteaser][\/vc_column][\/vc_row][vc_row title_style=&#8221;elegant&#8221; background=&#8221;dark_section&#8221; background_image=&#8221;1995&#8243; parallax=&#8221;on&#8221; overlay=&#8221;on&#8221; triangles=&#8221;off&#8221; top_margin=&#8221;off&#8221;][vc_column width=&#8221;1\/1&#8243;][sc_calltoaction title=&#8221;UFJPRFVUT1MlMkZFUVVJUEFNRU5UT1MlM0NiciUzRSUyMCUzQ3N0cm9uZyUzRVVOSURBREVTJTIwREUlMjBBUiUyMFBST1BBTkFETyUzQyUyRnN0cm9uZyUzRSUyMA==&#8221; subtitle=&#8221;AGNER SERVICE&#8221; button=&#8221;0&#8243; button_text=&#8221;Buy this theme!&#8221; icon_image=&#8221;1942&#8243; button_link=&#8221;Buy this theme!&#8221; button_class=&#8221;btn-primary&#8221; button_size=&#8221;btn&#8221;]GIVE YOUR <strong>CREATIVE<\/strong> IDEAS A BOOST[\/sc_calltoaction][\/vc_column][\/vc_row]<\/p>\n","protected":false},"excerpt":{"rendered":"<p>[vc_row][vc_column width=&#8221;1\/1&#8243;][sc_Horizontalteaser title=&#8221;UNIDADES DE AR PROPANADO&#8221; text=&#8221;Vivamus vestibulum neque quis nunc convallis venenatis. Nulla tristique lorem sit amet ipsum ornare sit amet feugiat nulla condimentum. Sed faucibus volutpat nunc, at ullamcorper augue elementum id. Quisque at lectus leo, nec placerat mi. Curabitur egestas eleifend interdum. Suspendisse potenti. Suspendisse nec risus. Curabitur egestas eleifend interdum. Suspendisse [&hellip;]<\/p>\n","protected":false},"author":1,"featured_media":0,"parent":0,"menu_order":0,"comment_status":"closed","ping_status":"closed","template":"","meta":[],"_links":{"self":[{"href":"https:\/\/agner.pt\/en\/wp-json\/wp\/v2\/pages\/2295"}],"collection":[{"href":"https:\/\/agner.pt\/en\/wp-json\/wp\/v2\/pages"}],"about":[{"href":"https:\/\/agner.pt\/en\/wp-json\/wp\/v2\/types\/page"}],"author":[{"embeddable":true,"href":"https:\/\/agner.pt\/en\/wp-json\/wp\/v2\/users\/1"}],"replies":[{"embeddable":true,"href":"https:\/\/agner.pt\/en\/wp-json\/wp\/v2\/comments?post=2295"}],"version-history":[{"count":1,"href":"https:\/\/agner.pt\/en\/wp-json\/wp\/v2\/pages\/2295\/revisions"}],"predecessor-version":[{"id":2296,"href":"https:\/\/agner.pt\/en\/wp-json\/wp\/v2\/pages\/2295\/revisions\/2296"}],"wp:attachment":[{"href":"https:\/\/agner.pt\/en\/wp-json\/wp\/v2\/media?parent=2295"}],"curies":[{"name":"wp","href":"https:\/\/api.w.org\/{rel}","templated":true}]}}