{"id":2291,"date":"2014-10-08T15:33:41","date_gmt":"2014-10-08T15:33:41","guid":{"rendered":"http:\/\/agner.pt\/?page_id=2291"},"modified":"2016-09-27T13:48:37","modified_gmt":"2016-09-27T13:48:37","slug":"apresentacao-agner-2","status":"publish","type":"page","link":"https:\/\/agner.pt\/en\/apresentacao-agner-2\/","title":{"rendered":"SOBRE A AGNER"},"content":{"rendered":"<p>[vc_row rt_row_background_width=&#8221;fullwidth&#8221; rt_row_content_width=&#8221;fullwidth&#8221; rt_row_style=&#8221;alt-style-2&#8243; rt_row_borders=&#8221;&#8221; rt_row_paddings=&#8221;true&#8221; rt_bg_image=&#8221;1995&#8243; rt_bg_effect=&#8221;parallax&#8221; rt_bg_parallax_effect=&#8221;3&#8243; rt_bg_image_repeat=&#8221;repeat&#8221; rt_bg_size=&#8221;auto auto&#8221; rt_bg_position=&#8221;center center&#8221; rt_bg_video_format=&#8221;self-hosted&#8221; rt_padding_top=&#8221;50&#8243; rt_padding_bottom=&#8221;50&#8243;][vc_column rt_bg_image_repeat=&#8221;repeat&#8221; rt_bg_size=&#8221;auto auto&#8221; rt_bg_attachment=&#8221;scroll&#8221;]<div class=\"rt_heading_wrapper style-4\">\n\t\t\t\t\t\t\n\t\t\t\t\t\t<h1 class=\"rt_heading  style-4\" >SOBRE A AGNER<\/h1>\n\t\t\t\t\t<\/div>[\/vc_column][\/vc_row][vc_row rt_row_background_width=&#8221;default&#8221; rt_row_style=&#8221;default-style&#8221; rt_row_borders=&#8221;&#8221; rt_row_paddings=&#8221;true&#8221; rt_bg_effect=&#8221;classic&#8221; rt_bg_image_repeat=&#8221;repeat&#8221; rt_bg_size=&#8221;cover&#8221; rt_bg_position=&#8221;right top&#8221; rt_bg_attachment=&#8221;scroll&#8221; rt_bg_video_format=&#8221;self-hosted&#8221; title_style=&#8221;elegant&#8221; background=&#8221;dark_section&#8221; background_image=&#8221;1995&#8243; parallax=&#8221;on&#8221; overlay=&#8221;on&#8221; triangles=&#8221;off&#8221; top_margin=&#8221;off&#8221;][vc_column width=&#8221;1\/2&#8243; rt_bg_image_repeat=&#8221;repeat&#8221; rt_bg_size=&#8221;auto auto&#8221; rt_bg_attachment=&#8221;scroll&#8221;]<div class=\"rt_heading_wrapper style-1\">\n\t\t\t\t\t\t\n\t\t\t\t\t\t<h2 class=\"rt_heading  style-1\" >AGNER SERVICE<\/h2>\n\t\t\t\t\t<\/div>[vc_column_text]A Agner Service \u00e9 uma empresa especializada na presta\u00e7\u00e3o de servi\u00e7os no ramo dos gases.\u2028 Cimentada na experi\u00eancia dos seus profissionais e t\u00e9cnicos, a Agner Service assume-se como uma empresa que tem como objetivos servir os seus clientes com a maior qualidade e apresentar continuamente novas e inovadoras ideias no ramo dos gases e da energia.<br \/>\nDotada de pessoal pr\u00f3prio, dos seus quadros destacamos soldadores e tubistas, qualificados, aptos a desenvolver as mais exigentes tarefas no ramo da soldadura e metalomec\u00e2nica, quer na constru\u00e7\u00e3o de novas instala\u00e7\u00f5es recetoras de g\u00e1s, quer na sua adequa\u00e7\u00e3o e transforma\u00e7\u00e3o.<br \/>\nEm paralelo, destacamos o setor da manuten\u00e7\u00e3o, postos de regula\u00e7\u00e3o e medida de g\u00e1s, redutores de press\u00e3o, queimadores e caldeiras.<br \/>\nCom uma equipa multidisciplinar, com todas as val\u00eancias e compet\u00eancias exigidas pela Dire\u00e7\u00e3o geral de Economia e Geologia, conseguimos de uma forma abrangente, projetar, executar, manter e certificar a sua instala\u00e7\u00e3o.[\/vc_column_text][\/vc_column][vc_column width=&#8221;1\/2&#8243; rt_bg_image_repeat=&#8221;repeat&#8221; rt_bg_size=&#8221;auto auto&#8221; rt_bg_attachment=&#8221;scroll&#8221;][vc_single_image image=&#8221;1927&#8243; img_size=&#8221;large&#8221; alignment=&#8221;center&#8221;][\/vc_column][\/vc_row]<\/p>\n","protected":false},"excerpt":{"rendered":"<p>[vc_row rt_row_background_width=&#8221;fullwidth&#8221; rt_row_content_width=&#8221;fullwidth&#8221; rt_row_style=&#8221;alt-style-2&#8243; rt_row_borders=&#8221;&#8221; rt_row_paddings=&#8221;true&#8221; rt_bg_image=&#8221;1995&#8243; rt_bg_effect=&#8221;parallax&#8221; rt_bg_parallax_effect=&#8221;3&#8243; rt_bg_image_repeat=&#8221;repeat&#8221; rt_bg_size=&#8221;auto auto&#8221; rt_bg_position=&#8221;center center&#8221; rt_bg_video_format=&#8221;self-hosted&#8221; rt_padding_top=&#8221;50&#8243; rt_padding_bottom=&#8221;50&#8243;][vc_column rt_bg_image_repeat=&#8221;repeat&#8221; rt_bg_size=&#8221;auto auto&#8221; rt_bg_attachment=&#8221;scroll&#8221;][\/vc_column][\/vc_row][vc_row rt_row_background_width=&#8221;default&#8221; rt_row_style=&#8221;default-style&#8221; rt_row_borders=&#8221;&#8221; rt_row_paddings=&#8221;true&#8221; rt_bg_effect=&#8221;classic&#8221; rt_bg_image_repeat=&#8221;repeat&#8221; rt_bg_size=&#8221;cover&#8221; rt_bg_position=&#8221;right top&#8221; rt_bg_attachment=&#8221;scroll&#8221; rt_bg_video_format=&#8221;self-hosted&#8221; title_style=&#8221;elegant&#8221; background=&#8221;dark_section&#8221; background_image=&#8221;1995&#8243; parallax=&#8221;on&#8221; overlay=&#8221;on&#8221; triangles=&#8221;off&#8221; top_margin=&#8221;off&#8221;][vc_column width=&#8221;1\/2&#8243; rt_bg_image_repeat=&#8221;repeat&#8221; rt_bg_size=&#8221;auto auto&#8221; rt_bg_attachment=&#8221;scroll&#8221;][vc_column_text]A Agner Service \u00e9 uma empresa especializada na presta\u00e7\u00e3o de servi\u00e7os no [&hellip;]<\/p>\n","protected":false},"author":1,"featured_media":0,"parent":0,"menu_order":0,"comment_status":"closed","ping_status":"closed","template":"","meta":[],"_links":{"self":[{"href":"https:\/\/agner.pt\/en\/wp-json\/wp\/v2\/pages\/2291"}],"collection":[{"href":"https:\/\/agner.pt\/en\/wp-json\/wp\/v2\/pages"}],"about":[{"href":"https:\/\/agner.pt\/en\/wp-json\/wp\/v2\/types\/page"}],"author":[{"embeddable":true,"href":"https:\/\/agner.pt\/en\/wp-json\/wp\/v2\/users\/1"}],"replies":[{"embeddable":true,"href":"https:\/\/agner.pt\/en\/wp-json\/wp\/v2\/comments?post=2291"}],"version-history":[{"count":6,"href":"https:\/\/agner.pt\/en\/wp-json\/wp\/v2\/pages\/2291\/revisions"}],"predecessor-version":[{"id":3516,"href":"https:\/\/agner.pt\/en\/wp-json\/wp\/v2\/pages\/2291\/revisions\/3516"}],"wp:attachment":[{"href":"https:\/\/agner.pt\/en\/wp-json\/wp\/v2\/media?parent=2291"}],"curies":[{"name":"wp","href":"https:\/\/api.w.org\/{rel}","templated":true}]}}